{"id":67,"date":"2025-03-20T11:21:31","date_gmt":"2025-03-20T10:21:31","guid":{"rendered":"https:\/\/www.xn--tlphonie-cloud-bkbb.fr\/?page_id=67"},"modified":"2025-03-21T10:41:23","modified_gmt":"2025-03-21T09:41:23","slug":"mentions-legales","status":"publish","type":"page","link":"https:\/\/www.xn--tlphonie-cloud-bkbb.fr\/index.php\/mentions-legales\/","title":{"rendered":"Mentions l\u00e9gales du site t\u00e9l\u00e9phonie-cloud.fr"},"content":{"rendered":"\n<ul class=\"wp-block-list\">\n<li>Identit\u00e9 de l&rsquo;entreprise : votre nom, pr\u00e9nom et adresse. Si vous \u00eates entrepreneur individuel (y compris, micro-entrepreneur), vos nom et pr\u00e9nom sont accompagn\u00e9s de la mention entrepreneur individuel ou des initiales EI.<\/li>\n\n\n\n<li><a href=\"https:\/\/entreprendre.service-public.fr\/vosdroits\/F35934\" target=\"_blank\" rel=\"noreferrer noopener\">Num\u00e9ro d&rsquo;immatriculation<\/a>\u00a0au\u00a0RCS: RCS\u00a0:\u00a0Registre du commerce et des soci\u00e9t\u00e9s<\/li>\n\n\n\n<li>Mail et num\u00e9ro de t\u00e9l\u00e9phone pour contacter votre entreprise<\/li>\n\n\n\n<li><a href=\"https:\/\/entreprendre.service-public.fr\/vosdroits\/F23570\" target=\"_blank\" rel=\"noreferrer noopener\">Num\u00e9ro d&rsquo;identification \u00e0 la TVA<\/a><\/li>\n\n\n\n<li>Identit\u00e9 de\u00a0<em>l&rsquo;h\u00e9bergeurPersonne physique ou dirigeant d&rsquo;une personne morale qui stocke des \u00e9crits, des sons, des images ou des vid\u00e9os r\u00e9alis\u00e9s par des tiers (h\u00e9bergeurs d&rsquo;un r\u00e9seau social, d&rsquo;un forum, d&rsquo;un jeu en ligne, d&rsquo;un blog)<\/em>\u00a0du site\u00a0: nom ou d\u00e9nomination sociale, adresse et num\u00e9ro de t\u00e9l\u00e9phone<\/li>\n<\/ul>\n\n\n\n<p><\/p>\n","protected":false},"excerpt":{"rendered":"","protected":false},"author":1,"featured_media":0,"parent":0,"menu_order":0,"comment_status":"closed","ping_status":"closed","template":"","meta":{"site-sidebar-layout":"default","site-content-layout":"","ast-site-content-layout":"","site-content-style":"default","site-sidebar-style":"default","ast-global-header-display":"","ast-banner-title-visibility":"","ast-main-header-display":"","ast-hfb-above-header-display":"","ast-hfb-below-header-display":"","ast-hfb-mobile-header-display":"","site-post-title":"","ast-breadcrumbs-content":"","ast-featured-img":"","footer-sml-layout":"","theme-transparent-header-meta":"","adv-header-id-meta":"","stick-header-meta":"","header-above-stick-meta":"","header-main-stick-meta":"","header-below-stick-meta":"","astra-migrate-meta-layouts":"default","ast-page-background-enabled":"default","ast-page-background-meta":{"desktop":{"background-color":"var(--ast-global-color-5)","background-image":"","background-repeat":"repeat","background-position":"center center","background-size":"auto","background-attachment":"scroll","background-type":"","background-media":"","overlay-type":"","overlay-color":"","overlay-opacity":"","overlay-gradient":""},"tablet":{"background-color":"","background-image":"","background-repeat":"repeat","background-position":"center center","background-size":"auto","background-attachment":"scroll","background-type":"","background-media":"","overlay-type":"","overlay-color":"","overlay-opacity":"","overlay-gradient":""},"mobile":{"background-color":"","background-image":"","background-repeat":"repeat","background-position":"center center","background-size":"auto","background-attachment":"scroll","background-type":"","background-media":"","overlay-type":"","overlay-color":"","overlay-opacity":"","overlay-gradient":""}},"ast-content-background-meta":{"desktop":{"background-color":"var(--ast-global-color-4)","background-image":"","background-repeat":"repeat","background-position":"center center","background-size":"auto","background-attachment":"scroll","background-type":"","background-media":"","overlay-type":"","overlay-color":"","overlay-opacity":"","overlay-gradient":""},"tablet":{"background-color":"var(--ast-global-color-4)","background-image":"","background-repeat":"repeat","background-position":"center center","background-size":"auto","background-attachment":"scroll","background-type":"","background-media":"","overlay-type":"","overlay-color":"","overlay-opacity":"","overlay-gradient":""},"mobile":{"background-color":"var(--ast-global-color-4)","background-image":"","background-repeat":"repeat","background-position":"center center","background-size":"auto","background-attachment":"scroll","background-type":"","background-media":"","overlay-type":"","overlay-color":"","overlay-opacity":"","overlay-gradient":""}},"footnotes":""},"class_list":["post-67","page","type-page","status-publish","hentry"],"_links":{"self":[{"href":"https:\/\/www.xn--tlphonie-cloud-bkbb.fr\/index.php\/wp-json\/wp\/v2\/pages\/67","targetHints":{"allow":["GET"]}}],"collection":[{"href":"https:\/\/www.xn--tlphonie-cloud-bkbb.fr\/index.php\/wp-json\/wp\/v2\/pages"}],"about":[{"href":"https:\/\/www.xn--tlphonie-cloud-bkbb.fr\/index.php\/wp-json\/wp\/v2\/types\/page"}],"author":[{"embeddable":true,"href":"https:\/\/www.xn--tlphonie-cloud-bkbb.fr\/index.php\/wp-json\/wp\/v2\/users\/1"}],"replies":[{"embeddable":true,"href":"https:\/\/www.xn--tlphonie-cloud-bkbb.fr\/index.php\/wp-json\/wp\/v2\/comments?post=67"}],"version-history":[{"count":2,"href":"https:\/\/www.xn--tlphonie-cloud-bkbb.fr\/index.php\/wp-json\/wp\/v2\/pages\/67\/revisions"}],"predecessor-version":[{"id":69,"href":"https:\/\/www.xn--tlphonie-cloud-bkbb.fr\/index.php\/wp-json\/wp\/v2\/pages\/67\/revisions\/69"}],"wp:attachment":[{"href":"https:\/\/www.xn--tlphonie-cloud-bkbb.fr\/index.php\/wp-json\/wp\/v2\/media?parent=67"}],"curies":[{"name":"wp","href":"https:\/\/api.w.org\/{rel}","templated":true}]}}